{"id":6775,"date":"2021-03-18T22:51:44","date_gmt":"2021-03-18T22:51:44","guid":{"rendered":"https:\/\/triangleborn.com\/the-barcelona-market\/"},"modified":"2021-05-03T21:13:39","modified_gmt":"2021-05-03T20:13:39","slug":"the-barcelona-market","status":"publish","type":"page","link":"https:\/\/triangleborn.com\/es\/the-barcelona-market\/","title":{"rendered":"El mercado de Barcelona"},"content":{"rendered":"[vc_row type=\u00bbfull_width_background\u00bb full_screen_row_position=\u00bbmiddle\u00bb column_margin=\u00bbnone\u00bb equal_height=\u00bbyes\u00bb content_placement=\u00bbmiddle\u00bb column_direction=\u00bbdefault\u00bb column_direction_tablet=\u00bbdefault\u00bb column_direction_phone=\u00bbdefault\u00bb bg_color=\u00bb#ffffff\u00bb scene_position=\u00bbcenter\u00bb top_padding=\u00bb80&#8243; bottom_padding=\u00bb80&#8243; text_color=\u00bbdark\u00bb text_align=\u00bbleft\u00bb row_border_radius=\u00bbnone\u00bb row_border_radius_applies=\u00bbbg\u00bb overlay_strength=\u00bb0.3&#8243; gradient_direction=\u00bbleft_to_right\u00bb shape_divider_position=\u00bbbottom\u00bb bg_image_animation=\u00bbnone\u00bb shape_type=\u00bb\u00bb][vc_column column_padding=\u00bbpadding-2-percent\u00bb column_padding_tablet=\u00bbinherit\u00bb column_padding_phone=\u00bbinherit\u00bb column_padding_position=\u00bbright\u00bb background_color_opacity=\u00bb1&#8243; background_hover_color_opacity=\u00bb1&#8243; column_shadow=\u00bbnone\u00bb column_border_radius=\u00bbnone\u00bb column_link_target=\u00bb_self\u00bb gradient_direction=\u00bbleft_to_right\u00bb overlay_strength=\u00bb0.3&#8243; width=\u00bb1\/2&#8243; tablet_width_inherit=\u00bbdefault\u00bb tablet_text_alignment=\u00bbdefault\u00bb phone_text_alignment=\u00bbdefault\u00bb column_border_width=\u00bbnone\u00bb column_border_style=\u00bbsolid\u00bb bg_image_animation=\u00bbzoom-out-reveal\u00bb][vc_row_inner column_margin=\u00bbdefault\u00bb column_direction=\u00bbdefault\u00bb column_direction_tablet=\u00bbdefault\u00bb column_direction_phone=\u00bbdefault\u00bb text_align=\u00bbleft\u00bb][vc_column_inner column_padding=\u00bbno-extra-padding\u00bb column_padding_tablet=\u00bbinherit\u00bb column_padding_phone=\u00bbinherit\u00bb column_padding_position=\u00bball\u00bb background_color_opacity=\u00bb1&#8243; background_hover_color_opacity=\u00bb1&#8243; column_shadow=\u00bbnone\u00bb column_border_radius=\u00bbnone\u00bb column_link_target=\u00bb_self\u00bb gradient_direction=\u00bbleft_to_right\u00bb overlay_strength=\u00bb0.3&#8243; width=\u00bb1\/1&#8243; tablet_width_inherit=\u00bbdefault\u00bb column_border_width=\u00bbnone\u00bb column_border_style=\u00bbsolid\u00bb bg_image_animation=\u00bbnone\u00bb enable_animation=\u00bbtrue\u00bb animation=\u00bbfade-in-from-bottom\u00bb][vc_column_text max_width=\u00bb600&#8243; el_class=\u00bbhome-text\u00bb]\n<h3 class=\"dorado\">El mercado inmobiliario de Barcelona<\/h3>\n<p>Barcelona sigue siendo uno de los lugares m\u00e1s deseables de Europa tanto para los compradores inmobiliarios nacionales como internacionales que buscan una residencia primaria, una segunda vivienda o una propiedad de inversi\u00f3n. Con su magn\u00edfico clima, excelentes conexiones de comunicaci\u00f3n con el resto de Europa, gastronom\u00eda de primera clase y vibrante vida nocturna, as\u00ed como su proximidad a las hermosas playas de la Costa Brava y las pistas de esqu\u00ed de los Pirineos, la ciudad de Barcelona y sus alrededores ofrecen un estilo de vida fant\u00e1stico con algo para todos.<\/p>\n<p>El atractivo de Barcelona es multifac\u00e9tico. De las mejores ciudades del mundo en el 2021 informe de la Firma Internacional Resonance, sit\u00faa a la capital catalana como el octavo lugar en cual vivir, trabajar e invertir, llegando despu\u00e9s de Londres, Nueva York, Par\u00eds, Mosc\u00fa, Tokio, Dubai y Singapur. Seg\u00fan el estudio EU-Start-UPS de 2020, Barcelona fue la mejor ciudad del mundo en 5to lugar para establecer una puesta en marcha y el informe anual de FDI Intelligence coloca a Barcelona en segundo lugar \u2013solo detr\u00e1s de Londres\u2013 para atraer a las mejores empresas del mundo de la tecnolog\u00eda. Amazon y Facebook tienen una gran presencia en la ciudad.<\/p>\n[\/vc_column_text][\/vc_column_inner][\/vc_row_inner][\/vc_column][vc_column column_padding=\u00bbpadding-2-percent\u00bb column_padding_tablet=\u00bbinherit\u00bb column_padding_phone=\u00bbinherit\u00bb column_padding_position=\u00bbleft-right\u00bb top_margin=\u00bb0&#8243; top_margin_tablet=\u00bb30px\u00bb top_margin_phone=\u00bb20px\u00bb background_color_opacity=\u00bb1&#8243; background_hover_color_opacity=\u00bb1&#8243; column_shadow=\u00bbnone\u00bb column_border_radius=\u00bbnone\u00bb column_link_target=\u00bb_self\u00bb gradient_direction=\u00bbleft_to_right\u00bb overlay_strength=\u00bb0.3&#8243; width=\u00bb1\/2&#8243; tablet_width_inherit=\u00bbdefault\u00bb tablet_text_alignment=\u00bbdefault\u00bb phone_text_alignment=\u00bbdefault\u00bb column_border_width=\u00bbnone\u00bb column_border_style=\u00bbsolid\u00bb bg_image_animation=\u00bbnone\u00bb][image_with_animation image_url=\u00bb6603&#8243; animation=\u00bbFade In\u00bb hover_animation=\u00bbnone\u00bb alignment=\u00bb\u00bb border_radius=\u00bbnone\u00bb box_shadow=\u00bbnone\u00bb image_loading=\u00bbdefault\u00bb max_width=\u00bb100%\u00bb max_width_mobile=\u00bbdefault\u00bb][\/vc_column][\/vc_row][vc_row type=\u00bbfull_width_content\u00bb full_screen_row_position=\u00bbmiddle\u00bb column_margin=\u00bbnone\u00bb column_direction=\u00bbdefault\u00bb column_direction_tablet=\u00bbdefault\u00bb column_direction_phone=\u00bbdefault\u00bb scene_position=\u00bbcenter\u00bb top_padding=\u00bb30&#8243; bottom_padding=\u00bb30&#8243; top_padding_tablet=\u00bb20&#8243; bottom_padding_tablet=\u00bb30&#8243; top_padding_phone=\u00bb20&#8243; bottom_padding_phone=\u00bb20&#8243; text_color=\u00bbdark\u00bb text_align=\u00bbcenter\u00bb row_border_radius=\u00bbnone\u00bb row_border_radius_applies=\u00bbbg\u00bb overlay_strength=\u00bb0.3&#8243; gradient_direction=\u00bbleft_to_right\u00bb shape_divider_position=\u00bbbottom\u00bb bg_image_animation=\u00bbnone\u00bb shape_type=\u00bb\u00bb][vc_column column_padding=\u00bbno-extra-padding\u00bb column_padding_tablet=\u00bbinherit\u00bb column_padding_phone=\u00bbinherit\u00bb column_padding_position=\u00bball\u00bb background_color_opacity=\u00bb1&#8243; background_hover_color_opacity=\u00bb1&#8243; column_shadow=\u00bbnone\u00bb column_border_radius=\u00bbnone\u00bb column_link_target=\u00bb_self\u00bb max_width_desktop=\u00bb100%\u00bb gradient_direction=\u00bbleft_to_right\u00bb overlay_strength=\u00bb0.3&#8243; width=\u00bb1\/1&#8243; tablet_width_inherit=\u00bbdefault\u00bb tablet_text_alignment=\u00bbdefault\u00bb phone_text_alignment=\u00bbdefault\u00bb column_border_width=\u00bbnone\u00bb column_border_style=\u00bbsolid\u00bb bg_image_animation=\u00bbzoom-out-reveal\u00bb][image_with_animation image_url=\u00bb6268&#8243; animation=\u00bbFade In\u00bb hover_animation=\u00bbnone\u00bb alignment=\u00bbcenter\u00bb border_radius=\u00bbnone\u00bb box_shadow=\u00bbnone\u00bb image_loading=\u00bbdefault\u00bb max_width=\u00bbnone\u00bb max_width_mobile=\u00bbdefault\u00bb][\/vc_column][\/vc_row][vc_row type=\u00bbin_container\u00bb full_screen_row_position=\u00bbmiddle\u00bb column_margin=\u00bbnone\u00bb column_direction=\u00bbdefault\u00bb column_direction_tablet=\u00bbdefault\u00bb column_direction_phone=\u00bbdefault\u00bb scene_position=\u00bbcenter\u00bb top_padding=\u00bb40&#8243; bottom_padding=\u00bb60&#8243; top_padding_tablet=\u00bb30&#8243; bottom_padding_tablet=\u00bb50&#8243; top_padding_phone=\u00bb30&#8243; bottom_padding_phone=\u00bb30&#8243; text_color=\u00bbdark\u00bb text_align=\u00bbleft\u00bb row_border_radius=\u00bbnone\u00bb row_border_radius_applies=\u00bbbg\u00bb overlay_strength=\u00bb0.3&#8243; gradient_direction=\u00bbleft_to_right\u00bb shape_divider_position=\u00bbbottom\u00bb bg_image_animation=\u00bbnone\u00bb shape_type=\u00bb\u00bb][vc_column column_padding=\u00bbno-extra-padding\u00bb column_padding_tablet=\u00bbinherit\u00bb column_padding_phone=\u00bbinherit\u00bb column_padding_position=\u00bball\u00bb background_color_opacity=\u00bb1&#8243; background_hover_color_opacity=\u00bb1&#8243; column_shadow=\u00bbnone\u00bb column_border_radius=\u00bbnone\u00bb column_link_target=\u00bb_self\u00bb gradient_direction=\u00bbleft_to_right\u00bb overlay_strength=\u00bb0.3&#8243; width=\u00bb1\/1&#8243; tablet_width_inherit=\u00bbdefault\u00bb tablet_text_alignment=\u00bbdefault\u00bb phone_text_alignment=\u00bbdefault\u00bb column_border_width=\u00bbnone\u00bb column_border_style=\u00bbsolid\u00bb bg_image_animation=\u00bbzoom-out-reveal\u00bb][vc_row_inner column_margin=\u00bbdefault\u00bb column_direction=\u00bbdefault\u00bb column_direction_tablet=\u00bbdefault\u00bb column_direction_phone=\u00bbdefault\u00bb text_align=\u00bbcenter\u00bb][vc_column_inner column_padding=\u00bbno-extra-padding\u00bb column_padding_tablet=\u00bbinherit\u00bb column_padding_phone=\u00bbinherit\u00bb column_padding_position=\u00bball\u00bb background_color_opacity=\u00bb1&#8243; background_hover_color_opacity=\u00bb1&#8243; column_shadow=\u00bbnone\u00bb column_border_radius=\u00bbnone\u00bb column_link_target=\u00bb_self\u00bb gradient_direction=\u00bbleft_to_right\u00bb overlay_strength=\u00bb0.3&#8243; width=\u00bb1\/1&#8243; tablet_width_inherit=\u00bbdefault\u00bb column_border_width=\u00bbnone\u00bb column_border_style=\u00bbsolid\u00bb bg_image_animation=\u00bbnone\u00bb enable_animation=\u00bbtrue\u00bb animation=\u00bbfade-in-from-bottom\u00bb][vc_column_text max_width=\u00bb780&#8243; el_class=\u00bbcenter\u00bb]La crisis sanitaria ha afectado a todas las industrias y el mercado inmobiliario de Barcelona no es una excepci\u00f3n. En el \u00faltimo a\u00f1o, los precios en la ciudad han bajado, pero s\u00f3lo ligeramente, en poco m\u00e1s del 2% y actualmente se encuentran en \u20ac4.001 por metro cuadrado (marzo de 2021). El barrio que incorpora el distrito de el Born ha resistido la tendencia a la baja y ha visto subir los precios en un 1,2% y actualmente se encuentran en \u20ac4.856 por metro cuadrado (marzo de 2021), lo que demuestra claramente el atractivo de esta zona altamente deseable.<\/p>\n<p>No es de extra\u00f1ar que el volumen de ventas de propiedades en Barcelona se haya reducido durante 2020 debido a la pandemia y a las consiguientes restricciones de viaje, pero a medida que los viajes internacionales comienzan a reanudarse, se espera que haya una fuerte demanda de viviendas de buena calidad en las zonas de primera de la ciudad.<br \/>\nSe buscan viviendas nuevas en Barcelona, y el edificio Triangle El Born es uno de los pocos proyectos de Nuevo Desarrollo disponibles actualmente en el casco antiguo de Barcelona.<\/p>\n<p>Lo que est\u00e1 claro es que Barcelona es actualmente un mercado de compradores y los inversores deben tomar nota.<br \/>\n[\/vc_column_text][\/vc_column_inner][\/vc_row_inner][\/vc_column][\/vc_row][vc_row type=\u00bbfull_width_content\u00bb full_screen_row_position=\u00bbmiddle\u00bb column_margin=\u00bbnone\u00bb column_direction=\u00bbdefault\u00bb column_direction_tablet=\u00bbdefault\u00bb column_direction_phone=\u00bbdefault\u00bb bg_color=\u00bb#f5f5f5&#8243; scene_position=\u00bbcenter\u00bb top_padding=\u00bb40&#8243; bottom_padding=\u00bb40&#8243; top_padding_tablet=\u00bb30&#8243; bottom_padding_tablet=\u00bb40&#8243; top_padding_phone=\u00bb30&#8243; bottom_padding_phone=\u00bb30&#8243; text_color=\u00bbdark\u00bb text_align=\u00bbcenter\u00bb row_border_radius=\u00bbnone\u00bb row_border_radius_applies=\u00bbbg\u00bb overlay_strength=\u00bb0.3&#8243; gradient_direction=\u00bbleft_to_right\u00bb shape_divider_position=\u00bbbottom\u00bb bg_image_animation=\u00bbnone\u00bb shape_type=\u00bb\u00bb][vc_column column_padding=\u00bbno-extra-padding\u00bb column_padding_tablet=\u00bbinherit\u00bb column_padding_phone=\u00bbinherit\u00bb column_padding_position=\u00bball\u00bb background_color_opacity=\u00bb1&#8243; background_hover_color_opacity=\u00bb1&#8243; column_shadow=\u00bbnone\u00bb column_border_radius=\u00bbnone\u00bb column_link_target=\u00bb_self\u00bb gradient_direction=\u00bbleft_to_right\u00bb overlay_strength=\u00bb0.3&#8243; width=\u00bb1\/1&#8243; tablet_width_inherit=\u00bbdefault\u00bb tablet_text_alignment=\u00bbdefault\u00bb phone_text_alignment=\u00bbdefault\u00bb column_border_width=\u00bbnone\u00bb column_border_style=\u00bbsolid\u00bb bg_image_animation=\u00bbzoom-out-reveal\u00bb][vc_column_text el_class=\u00bbcenter\u00bb]\n<h3>Gallery<\/h3>\n[\/vc_column_text][vc_gallery type=\u00bbflickity_static_height_style\u00bb images=\u00bb6523,6393,6522,6396,6605&#8243; flickity_spacing=\u00bb5px\u00bb flickity_controls=\u00bbnext_prev_arrows_overlaid\u00bb flickity_overflow=\u00bbhidden\u00bb flickity_wrap_around=\u00bbwrap\u00bb flickity_box_shadow=\u00bbnone\u00bb image_loading=\u00bbdefault\u00bb onclick=\u00bblink_image\u00bb flickity_img_height=\u00bb500&#8243; flickity_img_small_desktop_height=\u00bb400&#8243; flickity_img_tablet_height=\u00bb300&#8243; flickity_img_mobile_height=\u00bb260&#8243; img_size=\u00bbfull\u00bb][\/vc_column][\/vc_row]\n","protected":false},"excerpt":{"rendered":"<p>[vc_row type=\u00bbfull_width_background\u00bb full_screen_row_position=\u00bbmiddle\u00bb column_margin=\u00bbnone\u00bb equal_height=\u00bbyes\u00bb content_placement=\u00bbmiddle\u00bb column_direction=\u00bbdefault\u00bb column_direction_tablet=\u00bbdefault\u00bb column_direction_phone=\u00bbdefault\u00bb bg_color=\u00bb#ffffff\u00bb scene_position=\u00bbcenter\u00bb top_padding=\u00bb80&#8243; bottom_padding=\u00bb80&#8243; text_color=\u00bbdark\u00bb text_align=\u00bbleft\u00bb row_border_radius=\u00bbnone\u00bb row_border_radius_applies=\u00bbbg\u00bb overlay_strength=\u00bb0.3&#8243; gradient_direction=\u00bbleft_to_right\u00bb shape_divider_position=\u00bbbottom\u00bb bg_image_animation=\u00bbnone\u00bb shape_type=\u00bb\u00bb][vc_column column_padding=\u00bbpadding-2-percent\u00bb column_padding_tablet=\u00bbinherit\u00bb column_padding_phone=\u00bbinherit\u00bb column_padding_position=\u00bbright\u00bb background_color_opacity=\u00bb1&#8243; background_hover_color_opacity=\u00bb1&#8243; column_shadow=\u00bbnone\u00bb column_border_radius=\u00bbnone\u00bb&#8230;<\/p>\n","protected":false},"author":1,"featured_media":0,"parent":0,"menu_order":0,"comment_status":"closed","ping_status":"closed","template":"","meta":{"footnotes":""},"class_list":["post-6775","page","type-page","status-publish"],"_links":{"self":[{"href":"https:\/\/triangleborn.com\/es\/wp-json\/wp\/v2\/pages\/6775","targetHints":{"allow":["GET"]}}],"collection":[{"href":"https:\/\/triangleborn.com\/es\/wp-json\/wp\/v2\/pages"}],"about":[{"href":"https:\/\/triangleborn.com\/es\/wp-json\/wp\/v2\/types\/page"}],"author":[{"embeddable":true,"href":"https:\/\/triangleborn.com\/es\/wp-json\/wp\/v2\/users\/1"}],"replies":[{"embeddable":true,"href":"https:\/\/triangleborn.com\/es\/wp-json\/wp\/v2\/comments?post=6775"}],"version-history":[{"count":3,"href":"https:\/\/triangleborn.com\/es\/wp-json\/wp\/v2\/pages\/6775\/revisions"}],"predecessor-version":[{"id":6833,"href":"https:\/\/triangleborn.com\/es\/wp-json\/wp\/v2\/pages\/6775\/revisions\/6833"}],"wp:attachment":[{"href":"https:\/\/triangleborn.com\/es\/wp-json\/wp\/v2\/media?parent=6775"}],"curies":[{"name":"wp","href":"https:\/\/api.w.org\/{rel}","templated":true}]}}