{"id":6747,"date":"2021-03-18T22:51:27","date_gmt":"2021-03-18T22:51:27","guid":{"rendered":"https:\/\/triangleborn.com\/the-location\/"},"modified":"2021-05-03T21:02:27","modified_gmt":"2021-05-03T20:02:27","slug":"the-location","status":"publish","type":"page","link":"https:\/\/triangleborn.com\/es\/the-location\/","title":{"rendered":"La ubicaci\u00f3n"},"content":{"rendered":"[vc_row type=\u00bbfull_width_background\u00bb full_screen_row_position=\u00bbmiddle\u00bb column_margin=\u00bbnone\u00bb equal_height=\u00bbyes\u00bb content_placement=\u00bbmiddle\u00bb column_direction=\u00bbdefault\u00bb column_direction_tablet=\u00bbdefault\u00bb column_direction_phone=\u00bbdefault\u00bb bg_color=\u00bb#ffffff\u00bb scene_position=\u00bbcenter\u00bb top_padding=\u00bb80&#8243; bottom_padding=\u00bb80&#8243; text_color=\u00bbdark\u00bb text_align=\u00bbleft\u00bb row_border_radius=\u00bbnone\u00bb row_border_radius_applies=\u00bbbg\u00bb overlay_strength=\u00bb0.3&#8243; gradient_direction=\u00bbleft_to_right\u00bb shape_divider_position=\u00bbbottom\u00bb bg_image_animation=\u00bbnone\u00bb shape_type=\u00bb\u00bb][vc_column column_padding=\u00bbpadding-2-percent\u00bb column_padding_tablet=\u00bbinherit\u00bb column_padding_phone=\u00bbinherit\u00bb column_padding_position=\u00bbright\u00bb background_color_opacity=\u00bb1&#8243; background_hover_color_opacity=\u00bb1&#8243; column_shadow=\u00bbnone\u00bb column_border_radius=\u00bbnone\u00bb column_link_target=\u00bb_self\u00bb gradient_direction=\u00bbleft_to_right\u00bb overlay_strength=\u00bb0.3&#8243; width=\u00bb1\/2&#8243; tablet_width_inherit=\u00bbdefault\u00bb tablet_text_alignment=\u00bbdefault\u00bb phone_text_alignment=\u00bbdefault\u00bb column_border_width=\u00bbnone\u00bb column_border_style=\u00bbsolid\u00bb bg_image_animation=\u00bbzoom-out-reveal\u00bb][vc_row_inner column_margin=\u00bbdefault\u00bb column_direction=\u00bbdefault\u00bb column_direction_tablet=\u00bbdefault\u00bb column_direction_phone=\u00bbdefault\u00bb text_align=\u00bbleft\u00bb][vc_column_inner column_padding=\u00bbno-extra-padding\u00bb column_padding_tablet=\u00bbinherit\u00bb column_padding_phone=\u00bbinherit\u00bb column_padding_position=\u00bball\u00bb background_color_opacity=\u00bb1&#8243; background_hover_color_opacity=\u00bb1&#8243; column_shadow=\u00bbnone\u00bb column_border_radius=\u00bbnone\u00bb column_link_target=\u00bb_self\u00bb gradient_direction=\u00bbleft_to_right\u00bb overlay_strength=\u00bb0.3&#8243; width=\u00bb1\/1&#8243; tablet_width_inherit=\u00bbdefault\u00bb column_border_width=\u00bbnone\u00bb column_border_style=\u00bbsolid\u00bb bg_image_animation=\u00bbnone\u00bb enable_animation=\u00bbtrue\u00bb animation=\u00bbfade-in-from-bottom\u00bb][vc_column_text max_width=\u00bb600&#8243; el_class=\u00bbhome-text\u00bb]\n<h3 class=\"dorado\">La ubicaci\u00f3n<\/h3>\n<h5>CUANDO LA VIDA MODERNA SE ENCUENTRA CON UNA EXPLENDIDA HISTORIA<\/h5>\n<p>El edificio Triangle El Born est\u00e1 perfectamente situado en la parte m\u00e1s antigua y emblem\u00e1tica de Barcelona, donde en las calles estrechas y cl\u00e1sicas esconden bares, restaurantes y bulliciosas plazas, y la famosa vida nocturna de la ciudad se combina con una rica cultura y patrimonio por descubrir.<\/p>\n<p>Es el centro ideal desde el cu\u00e1l explorar los numerosos mercados, museos y maravillas arquitect\u00f3nicas de la ciudad. Donde puede visitar el Museo Picasso a tan solo 50m de distancia del edificio, almorzar en la famosa Boqueria en las Ramblas y luego dar un paseo por el puerto deportivo para tomar c\u00f3cteles y ver el atardecer en la playa.<\/p>\n<p>\u201c<em>Siguiendo los pasos de los romanos en la Barcelona moderna, una ciudad de clase mundial llena de historia pero ofreciendo a los residentes locales privilegiados lo mejor de la vida del siglo XXI<\/em>\u201d.<\/p>\n<p>El arte y la arquitectura se encuentran en todo el mundo, incluyendo las omnipresentes obras maestras de Gaud\u00ed, as\u00ed como joyas locales ocultas como la impresionante Bas\u00edlica de Santa Mar\u00eda del Mar, hogar espiritual de los pescadores que han saqueado su oficio durante generaciones.<\/p>\n<p>El edificio Triangle El Born es un oasis de calma y calidad, un lujoso y moderno homenaje a tiempos pasados con lo mejor de Barcelona en sus puertas, ya sea retroceda en el tiempo o mirando hacia el futuro.<br \/>\n[\/vc_column_text][\/vc_column_inner][\/vc_row_inner][\/vc_column][vc_column column_padding=\u00bbpadding-2-percent\u00bb column_padding_tablet=\u00bbinherit\u00bb column_padding_phone=\u00bbinherit\u00bb column_padding_position=\u00bbleft-right\u00bb top_margin=\u00bb0&#8243; top_margin_tablet=\u00bb30px\u00bb top_margin_phone=\u00bb20px\u00bb background_color_opacity=\u00bb1&#8243; background_hover_color_opacity=\u00bb1&#8243; column_shadow=\u00bbnone\u00bb column_border_radius=\u00bbnone\u00bb column_link_target=\u00bb_self\u00bb gradient_direction=\u00bbleft_to_right\u00bb overlay_strength=\u00bb0.3&#8243; width=\u00bb1\/2&#8243; tablet_width_inherit=\u00bbdefault\u00bb tablet_text_alignment=\u00bbdefault\u00bb phone_text_alignment=\u00bbdefault\u00bb column_border_width=\u00bbnone\u00bb column_border_style=\u00bbsolid\u00bb bg_image_animation=\u00bbnone\u00bb][image_with_animation image_url=\u00bb6581&#8243; animation=\u00bbFade In\u00bb hover_animation=\u00bbnone\u00bb alignment=\u00bb\u00bb border_radius=\u00bbnone\u00bb box_shadow=\u00bbnone\u00bb image_loading=\u00bbdefault\u00bb max_width=\u00bb100%\u00bb max_width_mobile=\u00bbdefault\u00bb][\/vc_column][\/vc_row][vc_row type=\u00bbfull_width_content\u00bb full_screen_row_position=\u00bbmiddle\u00bb column_margin=\u00bbnone\u00bb column_direction=\u00bbdefault\u00bb column_direction_tablet=\u00bbdefault\u00bb column_direction_phone=\u00bbdefault\u00bb scene_position=\u00bbcenter\u00bb top_padding=\u00bb30&#8243; bottom_padding=\u00bb30&#8243; top_padding_tablet=\u00bb20&#8243; bottom_padding_tablet=\u00bb30&#8243; top_padding_phone=\u00bb20&#8243; bottom_padding_phone=\u00bb20&#8243; text_color=\u00bbdark\u00bb text_align=\u00bbleft\u00bb row_border_radius=\u00bbnone\u00bb row_border_radius_applies=\u00bbbg\u00bb overlay_strength=\u00bb0.3&#8243; gradient_direction=\u00bbleft_to_right\u00bb shape_divider_position=\u00bbbottom\u00bb bg_image_animation=\u00bbnone\u00bb shape_type=\u00bb\u00bb][vc_column column_padding=\u00bbno-extra-padding\u00bb column_padding_tablet=\u00bbinherit\u00bb column_padding_phone=\u00bbinherit\u00bb column_padding_position=\u00bball\u00bb background_color_opacity=\u00bb1&#8243; background_hover_color_opacity=\u00bb1&#8243; column_shadow=\u00bbnone\u00bb column_border_radius=\u00bbnone\u00bb column_link_target=\u00bb_self\u00bb max_width_desktop=\u00bb100%\u00bb gradient_direction=\u00bbleft_to_right\u00bb overlay_strength=\u00bb0.3&#8243; width=\u00bb1\/1&#8243; tablet_width_inherit=\u00bbdefault\u00bb tablet_text_alignment=\u00bbdefault\u00bb phone_text_alignment=\u00bbdefault\u00bb column_border_width=\u00bbnone\u00bb column_border_style=\u00bbsolid\u00bb bg_image_animation=\u00bbzoom-out-reveal\u00bb][vc_row_inner column_margin=\u00bbdefault\u00bb column_direction=\u00bbdefault\u00bb column_direction_tablet=\u00bbdefault\u00bb column_direction_phone=\u00bbdefault\u00bb text_align=\u00bbleft\u00bb][vc_column_inner column_padding=\u00bbno-extra-padding\u00bb column_padding_tablet=\u00bbinherit\u00bb column_padding_phone=\u00bbinherit\u00bb column_padding_position=\u00bball\u00bb background_color_opacity=\u00bb1&#8243; background_hover_color_opacity=\u00bb1&#8243; column_shadow=\u00bbnone\u00bb column_border_radius=\u00bbnone\u00bb column_link_target=\u00bb_self\u00bb gradient_direction=\u00bbleft_to_right\u00bb overlay_strength=\u00bb0.3&#8243; width=\u00bb1\/1&#8243; tablet_width_inherit=\u00bbdefault\u00bb column_border_width=\u00bbnone\u00bb column_border_style=\u00bbsolid\u00bb bg_image_animation=\u00bbnone\u00bb][nectar_gmap map_type=\u00bbgoogle\u00bb zoom=\u00bb18&#8243; enable_zoom=\u00bb1&#8243; marker_style=\u00bbdefault\u00bb nectar_marker_color=\u00bbaccent-color\u00bb marker_image=\u00bb6232&#8243; marker_animation=\u00bb1&#8243; map_greyscale=\u00bb1&#8243; map_color=\u00bb#d6bc9a\u00bb size=\u00bb500&#8243; map_center_lat=\u00bb41.385977&#8243; map_center_lng=\u00bb2.182064&#8243; map_markers=\u00bb41.385977|2.182064|Triangle, 4 El Born. Barcelona\u00bb][\/vc_column_inner][\/vc_row_inner][\/vc_column][\/vc_row][vc_row type=\u00bbin_container\u00bb full_screen_row_position=\u00bbmiddle\u00bb column_margin=\u00bbnone\u00bb column_direction=\u00bbdefault\u00bb column_direction_tablet=\u00bbdefault\u00bb column_direction_phone=\u00bbdefault\u00bb scene_position=\u00bbcenter\u00bb top_padding=\u00bb40&#8243; bottom_padding=\u00bb60&#8243; top_padding_tablet=\u00bb30&#8243; bottom_padding_tablet=\u00bb50&#8243; top_padding_phone=\u00bb30&#8243; bottom_padding_phone=\u00bb30&#8243; text_color=\u00bbdark\u00bb text_align=\u00bbleft\u00bb row_border_radius=\u00bbnone\u00bb row_border_radius_applies=\u00bbbg\u00bb overlay_strength=\u00bb0.3&#8243; gradient_direction=\u00bbleft_to_right\u00bb shape_divider_position=\u00bbbottom\u00bb bg_image_animation=\u00bbnone\u00bb shape_type=\u00bb\u00bb][vc_column column_padding=\u00bbno-extra-padding\u00bb column_padding_tablet=\u00bbinherit\u00bb column_padding_phone=\u00bbinherit\u00bb column_padding_position=\u00bball\u00bb background_color_opacity=\u00bb1&#8243; background_hover_color_opacity=\u00bb1&#8243; column_shadow=\u00bbnone\u00bb column_border_radius=\u00bbnone\u00bb column_link_target=\u00bb_self\u00bb gradient_direction=\u00bbleft_to_right\u00bb overlay_strength=\u00bb0.3&#8243; width=\u00bb1\/1&#8243; tablet_width_inherit=\u00bbdefault\u00bb tablet_text_alignment=\u00bbdefault\u00bb phone_text_alignment=\u00bbdefault\u00bb column_border_width=\u00bbnone\u00bb column_border_style=\u00bbsolid\u00bb bg_image_animation=\u00bbzoom-out-reveal\u00bb][vc_row_inner column_margin=\u00bbdefault\u00bb column_direction=\u00bbdefault\u00bb column_direction_tablet=\u00bbdefault\u00bb column_direction_phone=\u00bbdefault\u00bb text_align=\u00bbcenter\u00bb][vc_column_inner column_padding=\u00bbno-extra-padding\u00bb column_padding_tablet=\u00bbinherit\u00bb column_padding_phone=\u00bbinherit\u00bb column_padding_position=\u00bball\u00bb background_color_opacity=\u00bb1&#8243; background_hover_color_opacity=\u00bb1&#8243; column_shadow=\u00bbnone\u00bb column_border_radius=\u00bbnone\u00bb column_link_target=\u00bb_self\u00bb gradient_direction=\u00bbleft_to_right\u00bb overlay_strength=\u00bb0.3&#8243; width=\u00bb1\/1&#8243; tablet_width_inherit=\u00bbdefault\u00bb column_border_width=\u00bbnone\u00bb column_border_style=\u00bbsolid\u00bb bg_image_animation=\u00bbnone\u00bb enable_animation=\u00bbtrue\u00bb animation=\u00bbfade-in-from-bottom\u00bb][vc_column_text max_width=\u00bb780&#8243; el_class=\u00bbcenter\u00bb]\n<h4 class=\"display azul\">LA MEJOR UBICACI\u00d3N Y EL ESTILO DE VIDA PERFECTO<\/h4>\n<p>Ser propietario de un espacio en la mejor zona de Barcelona le brindar\u00e1 acceso las 24 horas a todas sus maravillas, puede planear su d\u00eda en las azoteas dentro de un ambiente privado y relajado.<\/p>\n<p>Las principales calles y boulevares est\u00e1n a una corta distancia, ya sea para salir a comprar desayuno en la Rambla del Born, ir de compras en el magn\u00edfico Passeig de Gracia o tomar un paseo a lo largo de las principales Ramblas.<br \/>\nEl sistema de transporte p\u00fablico bien conectado hace que viajar por la ciudad sea un placer, con una amplia red de autobuses, trenes, tranv\u00edas y carriles exclusivos para bicicletas que destacan el compromiso de la pr\u00f3xima generaci\u00f3n de esta ciudad \u00abinteligente\u00bb con la sostenibilidad.<\/p>\n<p>Tambi\u00e9n es f\u00e1cil explorar las numerosas ciudades costeras de la costa, as\u00ed como las regiones vin\u00edcolas y el hermoso paisaje de Catalu\u00f1a. El aeropuerto internacional est\u00e1 estupendamente conectado con el resto de Europa.<\/p>\n<p>Vivir en el Born le brindar\u00e1 acceso a las innumerables oportunidades recreativas y culturales, la amplia selecci\u00f3n de hospitales de alta calidad y otros excelentes servicios p\u00fablicos que a\u00f1aden tranquilidad a un estilo de vida seguro y relajado en Barcelona.<br \/>\n[\/vc_column_text][\/vc_column_inner][\/vc_row_inner][\/vc_column][\/vc_row][vc_row type=\u00bbfull_width_background\u00bb full_screen_row_position=\u00bbmiddle\u00bb column_margin=\u00bbnone\u00bb column_direction=\u00bbdefault\u00bb column_direction_tablet=\u00bbdefault\u00bb column_direction_phone=\u00bbdefault\u00bb bg_color=\u00bb#f5f5f5&#8243; scene_position=\u00bbcenter\u00bb top_padding=\u00bb40&#8243; bottom_padding=\u00bb40&#8243; top_padding_tablet=\u00bb30&#8243; bottom_padding_tablet=\u00bb40&#8243; top_padding_phone=\u00bb30&#8243; bottom_padding_phone=\u00bb30&#8243; text_color=\u00bbdark\u00bb text_align=\u00bbcenter\u00bb row_border_radius=\u00bbnone\u00bb row_border_radius_applies=\u00bbbg\u00bb overlay_strength=\u00bb0.3&#8243; gradient_direction=\u00bbleft_to_right\u00bb shape_divider_position=\u00bbbottom\u00bb bg_image_animation=\u00bbnone\u00bb shape_type=\u00bb\u00bb][vc_column column_padding=\u00bbno-extra-padding\u00bb column_padding_tablet=\u00bbinherit\u00bb column_padding_phone=\u00bbinherit\u00bb column_padding_position=\u00bball\u00bb background_color_opacity=\u00bb1&#8243; background_hover_color_opacity=\u00bb1&#8243; column_shadow=\u00bbnone\u00bb column_border_radius=\u00bbnone\u00bb column_link_target=\u00bb_self\u00bb gradient_direction=\u00bbleft_to_right\u00bb overlay_strength=\u00bb0.3&#8243; width=\u00bb1\/1&#8243; tablet_width_inherit=\u00bbdefault\u00bb tablet_text_alignment=\u00bbdefault\u00bb phone_text_alignment=\u00bbdefault\u00bb column_border_width=\u00bbnone\u00bb column_border_style=\u00bbsolid\u00bb bg_image_animation=\u00bbzoom-out-reveal\u00bb][vc_column_text el_class=\u00bbcenter\u00bb]\n<h3>Galer\u00eda<\/h3>\n[\/vc_column_text][vc_gallery type=\u00bbflickity_static_height_style\u00bb images=\u00bb6585,6256,6586,6226&#8243; flickity_spacing=\u00bb5px\u00bb flickity_controls=\u00bbnext_prev_arrows_overlaid\u00bb flickity_overflow=\u00bbhidden\u00bb flickity_wrap_around=\u00bbwrap\u00bb flickity_box_shadow=\u00bbnone\u00bb image_loading=\u00bbdefault\u00bb onclick=\u00bblink_image\u00bb flickity_img_height=\u00bb500&#8243; flickity_img_small_desktop_height=\u00bb400&#8243; flickity_img_tablet_height=\u00bb300&#8243; flickity_img_mobile_height=\u00bb260&#8243; img_size=\u00bbfull\u00bb][\/vc_column][\/vc_row][vc_row type=\u00bbfull_width_background\u00bb full_screen_row_position=\u00bbmiddle\u00bb column_margin=\u00bbnone\u00bb equal_height=\u00bbyes\u00bb content_placement=\u00bbmiddle\u00bb column_direction=\u00bbdefault\u00bb column_direction_tablet=\u00bbdefault\u00bb column_direction_phone=\u00bbdefault\u00bb bg_color=\u00bb#ffffff\u00bb scene_position=\u00bbcenter\u00bb top_padding=\u00bb80&#8243; bottom_padding=\u00bb80&#8243; text_color=\u00bbdark\u00bb text_align=\u00bbleft\u00bb row_border_radius=\u00bbnone\u00bb row_border_radius_applies=\u00bbbg\u00bb overlay_strength=\u00bb0.3&#8243; gradient_direction=\u00bbleft_to_right\u00bb shape_divider_position=\u00bbbottom\u00bb bg_image_animation=\u00bbnone\u00bb shape_type=\u00bb\u00bb][vc_column column_padding=\u00bbpadding-2-percent\u00bb column_padding_tablet=\u00bbinherit\u00bb column_padding_phone=\u00bbinherit\u00bb column_padding_position=\u00bbright\u00bb background_color_opacity=\u00bb1&#8243; background_hover_color_opacity=\u00bb1&#8243; column_shadow=\u00bbnone\u00bb column_border_radius=\u00bbnone\u00bb column_link_target=\u00bb_self\u00bb gradient_direction=\u00bbleft_to_right\u00bb overlay_strength=\u00bb0.3&#8243; width=\u00bb1\/2&#8243; tablet_width_inherit=\u00bbdefault\u00bb tablet_text_alignment=\u00bbdefault\u00bb phone_text_alignment=\u00bbdefault\u00bb column_border_width=\u00bbnone\u00bb column_border_style=\u00bbsolid\u00bb bg_image_animation=\u00bbzoom-out-reveal\u00bb][image_with_animation image_url=\u00bb6585&#8243; animation=\u00bbFade In\u00bb hover_animation=\u00bbnone\u00bb alignment=\u00bb\u00bb border_radius=\u00bbnone\u00bb box_shadow=\u00bbnone\u00bb image_loading=\u00bbdefault\u00bb max_width=\u00bb100%\u00bb max_width_mobile=\u00bbdefault\u00bb][\/vc_column][vc_column column_padding=\u00bbpadding-2-percent\u00bb column_padding_tablet=\u00bbinherit\u00bb column_padding_phone=\u00bbinherit\u00bb column_padding_position=\u00bbleft-right\u00bb top_margin=\u00bb0&#8243; top_margin_tablet=\u00bb30px\u00bb top_margin_phone=\u00bb20px\u00bb background_color_opacity=\u00bb1&#8243; background_hover_color_opacity=\u00bb1&#8243; column_shadow=\u00bbnone\u00bb column_border_radius=\u00bbnone\u00bb column_link_target=\u00bb_self\u00bb gradient_direction=\u00bbleft_to_right\u00bb overlay_strength=\u00bb0.3&#8243; width=\u00bb1\/2&#8243; tablet_width_inherit=\u00bbdefault\u00bb tablet_text_alignment=\u00bbdefault\u00bb phone_text_alignment=\u00bbdefault\u00bb column_border_width=\u00bbnone\u00bb column_border_style=\u00bbsolid\u00bb bg_image_animation=\u00bbnone\u00bb][vc_row_inner column_margin=\u00bbdefault\u00bb column_direction=\u00bbdefault\u00bb column_direction_tablet=\u00bbdefault\u00bb column_direction_phone=\u00bbdefault\u00bb text_align=\u00bbleft\u00bb][vc_column_inner column_padding=\u00bbno-extra-padding\u00bb column_padding_tablet=\u00bbinherit\u00bb column_padding_phone=\u00bbinherit\u00bb column_padding_position=\u00bball\u00bb background_color_opacity=\u00bb1&#8243; background_hover_color_opacity=\u00bb1&#8243; column_shadow=\u00bbnone\u00bb column_border_radius=\u00bbnone\u00bb column_link_target=\u00bb_self\u00bb gradient_direction=\u00bbleft_to_right\u00bb overlay_strength=\u00bb0.3&#8243; width=\u00bb1\/1&#8243; tablet_width_inherit=\u00bbdefault\u00bb column_border_width=\u00bbnone\u00bb column_border_style=\u00bbsolid\u00bb bg_image_animation=\u00bbnone\u00bb enable_animation=\u00bbtrue\u00bb animation=\u00bbfade-in-from-bottom\u00bb][vc_column_text max_width=\u00bb600&#8243; el_class=\u00bbhome-text\u00bb]\n<h4 class=\"azul display\">UNA C\u00c1LIDA BIENVENIDA MEDITERR\u00c1NEA<\/h4>\n<p>Por supuesto, el c\u00e1lido y acogedor clima mediterr\u00e1neo hace que vivir en el edificio Triangle El Born sea una dicha, con interminables d\u00edas soleados y noches templadas le dar\u00e1n la bienvenida a usted, su familia y amigos a una de las mejores ciudades del mundo.<\/p>\n<p>Desde fiestas en la azotea hasta almuerzos en las terrazas de los restaurantes y desde explorar sin fin hasta disfrutar de una playa dorada de la ciudad, podr\u00e1 confiar que el clima en Barcelona se compara con el clima ideal. De hecho, se puede ir a las pistas de varias estaciones de esqu\u00ed de los Pirineos en el d\u00eda y volver en un grandioso tiempo para disfrutar del sol de la tarde.<br \/>\n[\/vc_column_text][\/vc_column_inner][\/vc_row_inner][\/vc_column][\/vc_row]\n","protected":false},"excerpt":{"rendered":"<p>[vc_row type=\u00bbfull_width_background\u00bb full_screen_row_position=\u00bbmiddle\u00bb column_margin=\u00bbnone\u00bb equal_height=\u00bbyes\u00bb content_placement=\u00bbmiddle\u00bb column_direction=\u00bbdefault\u00bb column_direction_tablet=\u00bbdefault\u00bb column_direction_phone=\u00bbdefault\u00bb bg_color=\u00bb#ffffff\u00bb scene_position=\u00bbcenter\u00bb top_padding=\u00bb80&#8243; bottom_padding=\u00bb80&#8243; text_color=\u00bbdark\u00bb text_align=\u00bbleft\u00bb row_border_radius=\u00bbnone\u00bb row_border_radius_applies=\u00bbbg\u00bb overlay_strength=\u00bb0.3&#8243; gradient_direction=\u00bbleft_to_right\u00bb shape_divider_position=\u00bbbottom\u00bb bg_image_animation=\u00bbnone\u00bb shape_type=\u00bb\u00bb][vc_column column_padding=\u00bbpadding-2-percent\u00bb column_padding_tablet=\u00bbinherit\u00bb column_padding_phone=\u00bbinherit\u00bb column_padding_position=\u00bbright\u00bb background_color_opacity=\u00bb1&#8243; background_hover_color_opacity=\u00bb1&#8243; column_shadow=\u00bbnone\u00bb column_border_radius=\u00bbnone\u00bb&#8230;<\/p>\n","protected":false},"author":1,"featured_media":0,"parent":0,"menu_order":0,"comment_status":"closed","ping_status":"closed","template":"","meta":{"footnotes":""},"class_list":["post-6747","page","type-page","status-publish"],"_links":{"self":[{"href":"https:\/\/triangleborn.com\/es\/wp-json\/wp\/v2\/pages\/6747","targetHints":{"allow":["GET"]}}],"collection":[{"href":"https:\/\/triangleborn.com\/es\/wp-json\/wp\/v2\/pages"}],"about":[{"href":"https:\/\/triangleborn.com\/es\/wp-json\/wp\/v2\/types\/page"}],"author":[{"embeddable":true,"href":"https:\/\/triangleborn.com\/es\/wp-json\/wp\/v2\/users\/1"}],"replies":[{"embeddable":true,"href":"https:\/\/triangleborn.com\/es\/wp-json\/wp\/v2\/comments?post=6747"}],"version-history":[{"count":4,"href":"https:\/\/triangleborn.com\/es\/wp-json\/wp\/v2\/pages\/6747\/revisions"}],"predecessor-version":[{"id":6822,"href":"https:\/\/triangleborn.com\/es\/wp-json\/wp\/v2\/pages\/6747\/revisions\/6822"}],"wp:attachment":[{"href":"https:\/\/triangleborn.com\/es\/wp-json\/wp\/v2\/media?parent=6747"}],"curies":[{"name":"wp","href":"https:\/\/api.w.org\/{rel}","templated":true}]}}